{"id":23,"date":"2024-02-07T21:44:34","date_gmt":"2024-02-07T20:44:34","guid":{"rendered":"http:\/\/ppj34.fr\/?page_id=23"},"modified":"2024-02-07T21:46:25","modified_gmt":"2024-02-07T20:46:25","slug":"lequipe","status":"publish","type":"page","link":"http:\/\/www.ppj34.fr\/index.php\/lequipe\/","title":{"rendered":"L\u2019\u00e9quipe"},"content":{"rendered":"\n<h1 class=\"wp-block-heading\">Les moyens humains<\/h1>\n\n\n\n<p>Les hommes et les femmes de P.P.J. sont des ouvriers qualifi\u00e9s, tous sont titulaires de dipl\u00f4mes correspondants \u00e0 leur formation et \u00e0 leur comp\u00e9tence en agriculture et horticulture. L\u2019entreprise mise \u00e9galement sur l\u2019avenir avec l\u2019alternance en formant au minimum deux apprentis par an pour la profession.<\/p>\n\n\n\n<p>Outre les sp\u00e9cificit\u00e9s d\u2019ouvrier jardinier, PPJ a d\u00e9velopp\u00e9 une politique de&nbsp;<strong>formations&nbsp;<\/strong>visant \u00e0 donner une plus-value aux&nbsp;<strong>comp\u00e9tences&nbsp;<\/strong>de chacun de ses jardiniers et \u00e9galement de proposer&nbsp;<strong>des savoir-faire<\/strong>&nbsp;qui enrichissent ses services aux clients.<\/p>\n\n\n\n<p>L\u2019ensemble des t\u00e2ches r\u00e9alisables par l\u2019entreprise est recens\u00e9 et pour chacune d\u2019elle, PPJ a d\u00e9fini les qualifications et les aptitudes requises pour les r\u00e9aliser. D\u00e9finissant ainsi un cahier des charges des comp\u00e9tences \u00e0 ma\u00eetriser.<\/p>\n\n\n\n<p><strong>P.P.J.<\/strong>&nbsp;a mis en place, un syst\u00e8me d\u2019\u00e9valuation annuel et individuel des comp\u00e9tences de son personnel bas\u00e9 sur ce cahier des charges des comp\u00e9tences.<\/p>\n\n\n\n<p>Ce syst\u00e8me de bilan de comp\u00e9tences permet de valoriser les comp\u00e9tences existantes, de d\u00e9celer les lacunes potentielles et ainsi de pouvoir engager des actions de formations appropri\u00e9es et d\u2019\u00e9tablir une politique de formation efficace.<\/p>\n\n\n\n<h2 class=\"wp-block-heading\">Qualifications et agr\u00e9ments individuels<\/h2>\n\n\n\n<p>L\u2019entreprise veille au respect des normes en utilisant des produits phytosanitaires homologu\u00e9s selon la directive 91-414&nbsp; et 99-45 CEE, elle s\u2019efforce d\u2019en faire un<strong>&nbsp;usage raisonn\u00e9 dans le respect des bonnes pratiques.<\/strong><\/p>\n\n\n\n<p>Les accr\u00e9ditations tiennent lieu de r\u00e9f\u00e9rent et permettent la transmission des informations et formations relatives aux produits susceptibles d\u2019alt\u00e9rer la sant\u00e9 ou l\u2019environnement. De m\u00eame, ces accr\u00e9ditations reposent sur un&nbsp;<strong>contr\u00f4le strict des risques<\/strong>&nbsp;:<\/p>\n\n\n\n<ul class=\"wp-block-list\">\n<li>Par la mise \u00e0 disposition de fiches de donn\u00e9es de s\u00e9curit\u00e9 (fournies par le distributeur-fournisseur : Ets TOUCHAT, Ets titulaire lui-m\u00eame des agr\u00e9ments et qualifications recommand\u00e9s),<\/li>\n\n\n\n<li>Par un contr\u00f4le des mat\u00e9riels d\u2019application,<\/li>\n\n\n\n<li>Par la lutte contre les pollutions ponctuelles (gestion des fonds de cuves ou de bidons, rin\u00e7age, r\u00e9cup\u00e9ration des emballages),<\/li>\n\n\n\n<li>Par le choix d\u2019alternatives plus respectueuses de l\u2019environnement (paillage et biod\u00e9gradables, \u00e9corce de pin ou pouzzolane, emploi de produits \u00ab&nbsp;bio&nbsp;\u00bb).<\/li>\n<\/ul>\n\n\n\n<p>Les employ\u00e9s appel\u00e9s \u00e0 utiliser les engins roulants ou mat\u00e9riels sp\u00e9cifiques sont form\u00e9s :<strong>&nbsp;Permis PL, CACES<\/strong><\/p>\n\n\n\n<p><strong>P.P.J.<\/strong>&nbsp;s\u2019assure d\u2019avoir dans chaque \u00e9quipe une ou plusieurs personnes porteuses du brevet de secouriste.<\/p>\n\n\n\n<h2 class=\"wp-block-heading\">Organisation type d\u2019un chantier<\/h2>\n\n\n\n<p>L\u2019\u00e9quipe sera compos\u00e9e d\u2019un conducteur de Travaux qui fera le lien entre les hommes de terrain et la partie administrative, d\u2019un responsable d\u2019\u00e9quipe ainsi que le nombre n\u00e9cessaire d\u2019ouvriers sp\u00e9cialis\u00e9s afin de respecter les d\u00e9lais.<\/p>\n","protected":false},"excerpt":{"rendered":"<p>Les moyens humains Les hommes et les femmes de P.P.J. sont des ouvriers qualifi\u00e9s, tous sont titulaires de dipl\u00f4mes correspondants \u00e0 leur formation et \u00e0 leur comp\u00e9tence en agriculture et horticulture. L\u2019entreprise mise \u00e9galement sur l\u2019avenir avec l\u2019alternance en formant au minimum deux apprentis par an pour la profession. Outre les sp\u00e9cificit\u00e9s d\u2019ouvrier jardinier, PPJ<br \/><a class=\"moretag\" href=\"http:\/\/www.ppj34.fr\/index.php\/lequipe\/\">+ Read More<\/a><\/p>\n","protected":false},"author":1,"featured_media":0,"parent":0,"menu_order":0,"comment_status":"closed","ping_status":"closed","template":"","meta":{"footnotes":""},"class_list":["post-23","page","type-page","status-publish","hentry"],"aioseo_notices":[],"_links":{"self":[{"href":"http:\/\/www.ppj34.fr\/index.php\/wp-json\/wp\/v2\/pages\/23","targetHints":{"allow":["GET"]}}],"collection":[{"href":"http:\/\/www.ppj34.fr\/index.php\/wp-json\/wp\/v2\/pages"}],"about":[{"href":"http:\/\/www.ppj34.fr\/index.php\/wp-json\/wp\/v2\/types\/page"}],"author":[{"embeddable":true,"href":"http:\/\/www.ppj34.fr\/index.php\/wp-json\/wp\/v2\/users\/1"}],"replies":[{"embeddable":true,"href":"http:\/\/www.ppj34.fr\/index.php\/wp-json\/wp\/v2\/comments?post=23"}],"version-history":[{"count":2,"href":"http:\/\/www.ppj34.fr\/index.php\/wp-json\/wp\/v2\/pages\/23\/revisions"}],"predecessor-version":[{"id":32,"href":"http:\/\/www.ppj34.fr\/index.php\/wp-json\/wp\/v2\/pages\/23\/revisions\/32"}],"wp:attachment":[{"href":"http:\/\/www.ppj34.fr\/index.php\/wp-json\/wp\/v2\/media?parent=23"}],"curies":[{"name":"wp","href":"https:\/\/api.w.org\/{rel}","templated":true}]}}