{"id":52,"date":"2025-06-18T11:18:56","date_gmt":"2025-06-18T09:18:56","guid":{"rendered":"http:\/\/ppj34.fr\/?page_id=52"},"modified":"2025-06-18T11:21:48","modified_gmt":"2025-06-18T09:21:48","slug":"qualification","status":"publish","type":"page","link":"http:\/\/www.ppj34.fr\/index.php\/qualification\/","title":{"rendered":"Qualification"},"content":{"rendered":"\n<p>L\u2019Entreprise P.P.J. d\u00e9tient deux qualifications <a href=\"https:\/\/www.qualipaysage.org\/\" title=\"\">QUALIPAYSAGE<\/a>, le seul organisme national habilit\u00e9 pour nos m\u00e9tiers. N\u00b0 du certificat 84\/265 (annexe n\u00b02) qui garantie les comp\u00e9tences et le s\u00e9rieux de notre entreprise pour la ma\u00eetrise d\u2019\u0153uvre et d\u2019ouvrage.Entretien d&rsquo;am\u00e9nagements paysagers &#8211; Confirm\u00e9 et Am\u00e9nagements paysagers &#8211; Confirm\u00e9 <\/p>\n\n\n\n<p>Depuis sa cr\u00e9ation, P.P.J. est agr\u00e9e pour tous types d\u2019applications phytosanitaires (d\u00e9sherbages, traitements chimiques, etc\u2026). N\u00b0 agr\u00e9ment pour l&rsquo;application de PPP : <a href=\"http:\/\/www.ppj34.fr\/wp-content\/uploads\/2025\/06\/Certificat-certyphyto.pdf\" target=\"_blank\" rel=\"noopener\" title=\"\">FR012747-3<\/a> (valide jusqu&rsquo;au 14 novembre 2028). Cet agr\u00e9ment devient obligatoire \u00e0 partir du 01 octobre 2013 pour la distribution et l\u2019utilisation des produits phytosanitaire. P.P.J. n\u2019a pas attendu cette obligation pour se mettre en conformit\u00e9.<\/p>\n\n\n\n<p><\/p>\n","protected":false},"excerpt":{"rendered":"<p>L\u2019Entreprise P.P.J. d\u00e9tient deux qualifications QUALIPAYSAGE, le seul organisme national habilit\u00e9 pour nos m\u00e9tiers. N\u00b0 du certificat 84\/265 (annexe n\u00b02) qui garantie les comp\u00e9tences et le s\u00e9rieux de notre entreprise pour la ma\u00eetrise d\u2019\u0153uvre et d\u2019ouvrage.Entretien d&rsquo;am\u00e9nagements paysagers &#8211; Confirm\u00e9 et Am\u00e9nagements paysagers &#8211; Confirm\u00e9 Depuis sa cr\u00e9ation, P.P.J. est agr\u00e9e pour tous types d\u2019applications<br \/><a class=\"moretag\" href=\"http:\/\/www.ppj34.fr\/index.php\/qualification\/\">+ Read More<\/a><\/p>\n","protected":false},"author":1,"featured_media":0,"parent":0,"menu_order":0,"comment_status":"closed","ping_status":"closed","template":"","meta":{"footnotes":""},"class_list":["post-52","page","type-page","status-publish","hentry"],"aioseo_notices":[],"_links":{"self":[{"href":"http:\/\/www.ppj34.fr\/index.php\/wp-json\/wp\/v2\/pages\/52","targetHints":{"allow":["GET"]}}],"collection":[{"href":"http:\/\/www.ppj34.fr\/index.php\/wp-json\/wp\/v2\/pages"}],"about":[{"href":"http:\/\/www.ppj34.fr\/index.php\/wp-json\/wp\/v2\/types\/page"}],"author":[{"embeddable":true,"href":"http:\/\/www.ppj34.fr\/index.php\/wp-json\/wp\/v2\/users\/1"}],"replies":[{"embeddable":true,"href":"http:\/\/www.ppj34.fr\/index.php\/wp-json\/wp\/v2\/comments?post=52"}],"version-history":[{"count":3,"href":"http:\/\/www.ppj34.fr\/index.php\/wp-json\/wp\/v2\/pages\/52\/revisions"}],"predecessor-version":[{"id":1049,"href":"http:\/\/www.ppj34.fr\/index.php\/wp-json\/wp\/v2\/pages\/52\/revisions\/1049"}],"wp:attachment":[{"href":"http:\/\/www.ppj34.fr\/index.php\/wp-json\/wp\/v2\/media?parent=52"}],"curies":[{"name":"wp","href":"https:\/\/api.w.org\/{rel}","templated":true}]}}